{"id":1688,"date":"2024-02-19T18:00:27","date_gmt":"2024-02-19T10:00:27","guid":{"rendered":"https:\/\/wdadmin.v5pay.com\/?page_id=1688"},"modified":"2025-05-13T15:46:34","modified_gmt":"2025-05-13T07:46:34","slug":"pay-out","status":"publish","type":"page","link":"https:\/\/www.v5pay.com\/es\/pay-out\/","title":{"rendered":"Pay out"},"content":{"rendered":"<div class=\"wp-block-group alignfull is-layout-flow wp-block-group-is-layout-flow\"><div  class=\"tpgb-container-row tpgb-block-12a7_1688    alignfull  tpgb-container-inline  tpgb-container-full\" data-id=\"12a7_1688\"  >\n<div  class=\"tpgb-container-row tpgb-block-00af_1688  tpgb-section-height-min-height   alignwide  tpgb-container-inline  tpgb-container-wide\" data-id=\"00af_1688\"  ><div class=\"tpgb-cont-in\">\n\n<h1 class=\"wp-block-heading  aos-fade-up\">Pagos, sencillamente<\/h1>\n\n\n\n<div style=\"height:42px\" aria-hidden=\"true\" class=\"wp-block-spacer\"><\/div>\n\n\n\n<div class=\"wp-block-tpgb-tp-button-core tp-button-core tpgb-block-1cd4_1688\"><a href=\"https:\/\/www.v5pay.com\/es\/contact-us\/\" target=\"_self\" rel=\"follow noopener\" class=\"tpgb-btn-link\"><span class=\"tpgb-btn-wrap\"><span class=\"tpgb-btn-icon-wrap\"><img decoding=\"async\" class=\"tpgb-btn-icon\" src=\"https:\/\/wdadmin.v5pay.com\/wp-content\/uploads\/2024\/03\/button-icon.png\"\/><\/span><span class=\"tpgb-btn-txt\">Empieza ya<\/span><\/span><\/a><\/div>\n\n\n\n<div style=\"height:163px\" aria-hidden=\"true\" class=\"wp-block-spacer\"><\/div>\n\n<\/div><\/div>\n<\/div><\/div>\n\n\n\n<div class=\"wp-block-group alignfull is-layout-flow wp-block-group-is-layout-flow\"><div  class=\"tpgb-container-row tpgb-block-a3c0_1688    alignwide  tpgb-container-inline  tpgb-container-wide\" data-id=\"a3c0_1688\"  ><div class=\"tpgb-cont-in\">\n<div  class=\"tpgb-container-row tpgb-block-233a_1688    alignwide   tpgb-container-wide\" data-id=\"233a_1688\"  ><div class=\"tpgb-cont-in\">\n<div class=\"tpgb-container-col tpgb-block-2e18_1688\" data-id=\"2e18_1688\"  >\n\n<div class=\"wp-block-columns is-layout-flex wp-container-core-columns-is-layout-28f84493 wp-block-columns-is-layout-flex\">\n<div class=\"wp-block-column is-vertically-aligned-center is-layout-flow wp-block-column-is-layout-flow\">\n<figure class=\"wp-block-image size-full\"><img loading=\"lazy\" decoding=\"async\" width=\"290\" height=\"200\" src=\"https:\/\/wdadmin.v5pay.com\/wp-content\/uploads\/2024\/03\/service-1.jpg\" alt=\"\" class=\"wp-image-1959\"\/><\/figure>\n<\/div>\n\n\n\n<div class=\"wp-block-column is-layout-flow wp-block-column-is-layout-flow\" style=\"padding-top:var(--wp--preset--spacing--10);padding-bottom:var(--wp--preset--spacing--10)\">\n<h3 class=\"wp-block-heading\">Salarios y comisiones<\/h3>\n\n\n\n<p>Paga salarios y comisiones a empleados o agencias asociadas<\/p>\n<\/div>\n<\/div>\n\n<\/div>\n\n<div class=\"tpgb-container-col tpgb-block-5647_1688\" data-id=\"5647_1688\"  >\n\n<div class=\"wp-block-columns is-layout-flex wp-container-core-columns-is-layout-28f84493 wp-block-columns-is-layout-flex\">\n<div class=\"wp-block-column is-vertically-aligned-center is-layout-flow wp-block-column-is-layout-flow\">\n<figure class=\"wp-block-image size-full\"><img loading=\"lazy\" decoding=\"async\" width=\"300\" height=\"200\" src=\"https:\/\/wdadmin.v5pay.com\/wp-content\/uploads\/2024\/02\/service-2.png\" alt=\"\" class=\"wp-image-1752\"\/><\/figure>\n<\/div>\n\n\n\n<div class=\"wp-block-column is-vertically-aligned-center is-layout-flow wp-block-column-is-layout-flow\" style=\"padding-top:var(--wp--preset--spacing--10);padding-bottom:var(--wp--preset--spacing--10)\">\n<h3 class=\"wp-block-heading\">Pagos de bienes<\/h3>\n\n\n\n<p>Realiza pagos r\u00e1pidos y oportunos a tus socios en actividades comerciales<\/p>\n<\/div>\n<\/div>\n\n<\/div>\n<\/div><\/div>\n\n<div  class=\"tpgb-container-row tpgb-block-b8ef_1688    alignwide   tpgb-container-wide\" data-id=\"b8ef_1688\"  ><div class=\"tpgb-cont-in\">\n<div class=\"tpgb-container-col tpgb-block-d968_1688\" data-id=\"d968_1688\"  >\n\n<div class=\"wp-block-columns is-layout-flex wp-container-core-columns-is-layout-28f84493 wp-block-columns-is-layout-flex\">\n<div class=\"wp-block-column is-vertically-aligned-center is-layout-flow wp-block-column-is-layout-flow\">\n<figure class=\"wp-block-image size-full\"><img loading=\"lazy\" decoding=\"async\" width=\"290\" height=\"200\" src=\"https:\/\/wdadmin.v5pay.com\/wp-content\/uploads\/2024\/02\/service-3.png\" alt=\"\" class=\"wp-image-1756\"\/><\/figure>\n<\/div>\n\n\n\n<div class=\"wp-block-column is-layout-flow wp-block-column-is-layout-flow\" style=\"padding-top:var(--wp--preset--spacing--10);padding-bottom:var(--wp--preset--spacing--10)\">\n<h3 class=\"wp-block-heading\">Reembolso en comercio electr\u00f3nico<\/h3>\n\n\n\n<p>Realiza devoluciones en comercio electr\u00f3nico por cancelaciones de compra o quejas en transacciones<\/p>\n<\/div>\n<\/div>\n\n<\/div>\n\n<div class=\"tpgb-container-col tpgb-block-64e4_1688\" data-id=\"64e4_1688\"  >\n\n<div class=\"wp-block-columns is-layout-flex wp-container-core-columns-is-layout-28f84493 wp-block-columns-is-layout-flex\">\n<div class=\"wp-block-column is-vertically-aligned-center is-layout-flow wp-block-column-is-layout-flow\">\n<figure class=\"wp-block-image size-full\"><img loading=\"lazy\" decoding=\"async\" width=\"290\" height=\"200\" src=\"https:\/\/wdadmin.v5pay.com\/wp-content\/uploads\/2024\/02\/service-4.png\" alt=\"\" class=\"wp-image-1757\"\/><\/figure>\n<\/div>\n\n\n\n<div class=\"wp-block-column is-layout-flow wp-block-column-is-layout-flow\" style=\"padding-top:var(--wp--preset--spacing--10);padding-bottom:var(--wp--preset--spacing--10)\">\n<h3 class=\"wp-block-heading\">Emite recompensas en tiempo real<\/h3>\n\n\n\n<p>Ofrece a tus usuarios recompensas en efectivo en tiempo real y promueve el r\u00e1pido crecimiento de usuarios<\/p>\n<\/div>\n<\/div>\n\n<\/div>\n<\/div><\/div>\n<\/div><\/div><\/div>\n\n\n\n<div class=\"wp-block-group alignfull has-back-light-gray-background-color has-background has-global-padding is-layout-constrained wp-block-group-is-layout-constrained\" style=\"padding-top:var(--wp--preset--spacing--60);padding-bottom:var(--wp--preset--spacing--60)\">\n<h2 class=\"wp-block-heading\">Proceso de pago<\/h2>\n\n\n\n<div class=\"wp-block-columns is-layout-flex wp-container-core-columns-is-layout-7abde1fe wp-block-columns-is-layout-flex\" style=\"padding-top:var(--wp--preset--spacing--40);padding-bottom:var(--wp--preset--spacing--40)\">\n<div class=\"wp-block-column aos-fade-up is-layout-flow wp-block-column-is-layout-flow\">\n<figure class=\"wp-block-image aligncenter size-full\"><img loading=\"lazy\" decoding=\"async\" width=\"232\" height=\"200\" src=\"https:\/\/wdadmin.v5pay.com\/wp-content\/uploads\/2024\/03\/payout-steps-1.png\" alt=\"\" class=\"wp-image-1958\"\/><\/figure>\n\n\n\n<p class=\"has-text-align-center\"><strong><strong>Recarga la cuenta payout<\/strong><\/strong><\/p>\n<\/div>\n\n\n\n<div class=\"wp-block-column is-vertically-aligned-center is-layout-flow wp-block-column-is-layout-flow\" style=\"flex-basis:48px\">\n<figure class=\"wp-block-image aligncenter size-full\"><img loading=\"lazy\" decoding=\"async\" width=\"48\" height=\"32\" src=\"https:\/\/wdadmin.v5pay.com\/wp-content\/uploads\/2024\/02\/payout-steps-divisor.png\" alt=\"\" class=\"wp-image-1761\"\/><\/figure>\n<\/div>\n\n\n\n<div class=\"wp-block-column aos-fade-up aos-delay-400 is-layout-flow wp-block-column-is-layout-flow\">\n<figure class=\"wp-block-image aligncenter size-full\"><img loading=\"lazy\" decoding=\"async\" width=\"233\" height=\"201\" src=\"https:\/\/wdadmin.v5pay.com\/wp-content\/uploads\/2024\/02\/payout-steps-2.png\" alt=\"\" class=\"wp-image-1758\"\/><\/figure>\n\n\n\n<p class=\"has-text-align-center\"><strong><strong>Inicia la solicitud de pago<\/strong><\/strong><\/p>\n<\/div>\n\n\n\n<div class=\"wp-block-column is-vertically-aligned-center is-layout-flow wp-block-column-is-layout-flow\" style=\"flex-basis:48px\">\n<figure class=\"wp-block-image aligncenter size-full\"><img loading=\"lazy\" decoding=\"async\" width=\"48\" height=\"32\" src=\"https:\/\/wdadmin.v5pay.com\/wp-content\/uploads\/2024\/02\/payout-steps-divisor.png\" alt=\"\" class=\"wp-image-1761\"\/><\/figure>\n<\/div>\n\n\n\n<div class=\"wp-block-column aos-fade-up aos-delay-800 is-layout-flow wp-block-column-is-layout-flow\">\n<figure class=\"wp-block-image aligncenter size-full\"><img loading=\"lazy\" decoding=\"async\" width=\"232\" height=\"200\" src=\"https:\/\/wdadmin.v5pay.com\/wp-content\/uploads\/2024\/02\/payout-steps-3.png\" alt=\"\" class=\"wp-image-1759\"\/><\/figure>\n\n\n\n<p class=\"has-text-align-center\"><strong>Verificaci\u00f3n de control de riesgos<\/strong><\/p>\n<\/div>\n\n\n\n<div class=\"wp-block-column is-vertically-aligned-center is-layout-flow wp-block-column-is-layout-flow\" style=\"flex-basis:48px\">\n<figure class=\"wp-block-image aligncenter size-full\"><img loading=\"lazy\" decoding=\"async\" width=\"48\" height=\"32\" src=\"https:\/\/wdadmin.v5pay.com\/wp-content\/uploads\/2024\/02\/payout-steps-divisor.png\" alt=\"\" class=\"wp-image-1761\"\/><\/figure>\n<\/div>\n\n\n\n<div class=\"wp-block-column aos-fade-up aos-delay-1200 is-layout-flow wp-block-column-is-layout-flow\">\n<figure class=\"wp-block-image aligncenter size-full\"><img loading=\"lazy\" decoding=\"async\" width=\"231\" height=\"205\" src=\"https:\/\/wdadmin.v5pay.com\/wp-content\/uploads\/2024\/02\/payout-steps-4.png\" alt=\"\" class=\"wp-image-1760\"\/><\/figure>\n\n\n\n<p class=\"has-text-align-center\"><strong>Pago completado<\/strong><\/p>\n<\/div>\n<\/div>\n\n\n\n<div class=\"wp-block-tpgb-tp-button-core tp-button-core tpgb-block-da7f_1688 aos-fade-up aos-delay-1600\"><a href=\"https:\/\/www.v5pay.com\/es\/contact-us\/\" target=\"_self\" rel=\"follow noopener\" class=\"tpgb-btn-link\"><span class=\"tpgb-btn-wrap\"><span class=\"tpgb-btn-txt\">Aplica ya<\/span><\/span><\/a><\/div>\n<\/div>\n\n\n\n<div class=\"wp-block-group has-global-padding is-layout-constrained wp-block-group-is-layout-constrained\" style=\"padding-top:var(--wp--preset--spacing--50);padding-bottom:var(--wp--preset--spacing--50)\">\n<h2 class=\"wp-block-heading has-text-align-center aos-fade-up\">R\u00e1pido acceso<\/h2>\n\n\n\n<div style=\"height:52px\" aria-hidden=\"true\" class=\"wp-block-spacer\"><\/div>\n\n\n\n<div class=\"wp-block-columns is-layout-flex wp-container-core-columns-is-layout-28f84493 wp-block-columns-is-layout-flex\">\n<div class=\"wp-block-column aos-fade-up is-layout-flow wp-block-column-is-layout-flow\"><div  class=\"tpgb-container-row tpgb-block-c472_1688    alignwide  tpgb-container-inline  tpgb-container-wide\" data-id=\"c472_1688\"  ><div class=\"tpgb-cont-in\">\n\n<figure class=\"wp-block-image size-full\"><img loading=\"lazy\" decoding=\"async\" width=\"464\" height=\"567\" src=\"https:\/\/wdadmin.v5pay.com\/wp-content\/uploads\/2024\/02\/payout-picture.jpg\" alt=\"\" class=\"wp-image-1763\"\/><\/figure>\n\n<\/div><\/div><\/div>\n\n\n\n<div class=\"wp-block-column aos-fade-up has-back-light-gray-background-color has-background is-layout-flow wp-block-column-is-layout-flow\" style=\"padding-top:var(--wp--preset--spacing--30);padding-right:var(--wp--preset--spacing--30);padding-bottom:var(--wp--preset--spacing--30);padding-left:var(--wp--preset--spacing--30)\">\n<figure class=\"wp-block-image size-full\"><img loading=\"lazy\" decoding=\"async\" width=\"64\" height=\"64\" src=\"https:\/\/wdadmin.v5pay.com\/wp-content\/uploads\/2024\/02\/payout-fast-1.png\" alt=\"\" class=\"wp-image-1764\"\/><\/figure>\n\n\n\n<h4 class=\"wp-block-heading\">Acceso API, mejora la eficiencia operativa<\/h4>\n\n\n\n<p>Con las transacciones de pago a trav\u00e9s de API, podr\u00e1s ver las transacciones y administrar los fondos en tu propio sistema, evitando operar entre m\u00faltiples sistemas y plataformas, mejorando la eficiencia y reduciendo los costos operativos.<\/p>\n<\/div>\n\n\n\n<div class=\"wp-block-column aos-fade-up has-back-light-gray-background-color has-background is-layout-flow wp-block-column-is-layout-flow\" style=\"padding-top:var(--wp--preset--spacing--30);padding-right:var(--wp--preset--spacing--30);padding-bottom:var(--wp--preset--spacing--30);padding-left:var(--wp--preset--spacing--30)\">\n<figure class=\"wp-block-image size-full\"><img loading=\"lazy\" decoding=\"async\" width=\"58\" height=\"56\" src=\"https:\/\/wdadmin.v5pay.com\/wp-content\/uploads\/2024\/02\/payout-fast-2.png\" alt=\"\" class=\"wp-image-1765\"\/><\/figure>\n\n\n\n<h4 class=\"wp-block-heading\">Integraci\u00f3n del sistema, listo para usar despu\u00e9s de la activaci\u00f3n.<\/h4>\n\n\n\n<p>Despu\u00e9s de abrir tu cuenta, podr\u00e1s utilizar inmediatamente los productos de pago sin costos de integraci\u00f3n. Puede realizar pagos a sus clientes y socios a trav\u00e9s de nuestra plataforma de gesti\u00f3n de comerciantes. No hay costos t\u00e9cnicos de integraci\u00f3n y puedes iniciar negocios de inmediato.<\/p>\n<\/div>\n<\/div>\n\n\n\n<div style=\"height:52px\" aria-hidden=\"true\" class=\"wp-block-spacer\"><\/div>\n\n\n\n<div class=\"wp-block-tpgb-tp-button-core tp-button-core tpgb-block-366b_1688 aos-fade-down\"><a href=\"https:\/\/www.v5pay.com\/es\/contact-us\/\" target=\"_self\" rel=\"follow noopener\" class=\"tpgb-btn-link\"><span class=\"tpgb-btn-wrap\"><span class=\"tpgb-btn-txt\">Empieza ya<\/span><\/span><\/a><\/div>\n<\/div>\n\n\n\n<div class=\"wp-block-group alignfull has-global-padding is-layout-constrained wp-block-group-is-layout-constrained\"><div  class=\"tpgb-container-row tpgb-block-abf5_1682  tpgb-section-height-min-height   alignfull  tpgb-container-inline  tpgb-container-full\" data-id=\"abf5_1682\"  >\n<div  class=\"tpgb-container-row tpgb-block-9eb4_1682    alignfull  tpgb-container-inline  tpgb-container-full\" data-id=\"9eb4_1682\"  >\n\n<div class=\"wp-block-group has-global-padding is-content-justification-right is-layout-constrained wp-container-core-group-is-layout-f1f2ed93 wp-block-group-is-layout-constrained\"><div  class=\"tpgb-container-row tpgb-block-1d1a_1682  tpgb-section-height-min-height   alignfull  tpgb-container-inline  tpgb-container-full\" data-id=\"1d1a_1682\"  >\n\n<p class=\"has-text-align-left aos-fade-up has-back-light-gray-color has-text-color has-link-color has-large-font-size wp-elements-e0bb8de2a82417b54cc82a5b92a9e6c4\"><strong>Ingresa a V5Pay<\/strong><\/p>\n\n\n\n<div class=\"wp-block-tpgb-tp-button-core tp-button-core tpgb-block-5200_1682 aos-fade-up aos-delay-300\"><a href=\"https:\/\/www.v5pay.com\/es\/contact-us\/\" target=\"_self\" rel=\"follow noopener\" class=\"tpgb-btn-link\"><span class=\"tpgb-btn-wrap\"><span class=\"tpgb-btn-txt\">Empieza ya<\/span><\/span><\/a><\/div>\n\n<\/div><\/div>\n\n<\/div>\n<\/div><\/div>","protected":false},"excerpt":{"rendered":"<p>Payment process Recharge the payment account Initiate a payment request Risk control verification Complete the payment Quick access API system access, improve operational efficiency With payment transactions through API, you can view transaction orders and manage transaction funds in your own system, avoiding to operate back and forth between multiple systems and platforms, improving operational [&hellip;]<\/p>","protected":false},"author":4,"featured_media":1731,"parent":0,"menu_order":0,"comment_status":"closed","ping_status":"closed","template":"","meta":{"tpgb_global_settings":"","footnotes":""},"class_list":["post-1688","page","type-page","status-publish","has-post-thumbnail","hentry"],"yoast_head":"<!-- This site is optimized with the Yoast SEO plugin v27.3 - https:\/\/yoast.com\/product\/yoast-seo-wordpress\/ -->\n<title>V5Pay payout - pay global easily<\/title>\n<meta name=\"description\" content=\"Pay globally easily with V5Pay payout service. Wages and commissions, payments of goods, e-commerce refund, issue real-time rewards and more.\" \/>\n<meta name=\"robots\" content=\"index, follow, max-snippet:-1, max-image-preview:large, max-video-preview:-1\" \/>\n<link rel=\"canonical\" href=\"https:\/\/www.v5pay.com\/es\/pay-out\/\" \/>\n<meta property=\"og:locale\" content=\"es_ES\" \/>\n<meta property=\"og:type\" content=\"article\" \/>\n<meta property=\"og:title\" content=\"V5Pay payout - pay global easily\" \/>\n<meta property=\"og:description\" content=\"Pay globally easily with V5Pay payout service. Wages and commissions, payments of goods, e-commerce refund, issue real-time rewards and more.\" \/>\n<meta property=\"og:url\" content=\"https:\/\/www.v5pay.com\/es\/pay-out\/\" \/>\n<meta property=\"og:site_name\" content=\"V5Pay\" \/>\n<meta property=\"article:modified_time\" content=\"2025-05-13T07:46:34+00:00\" \/>\n<meta property=\"og:image\" content=\"https:\/\/www.v5pay.com\/wp-content\/uploads\/2024\/02\/payout-banner-1.jpg\" \/>\n\t<meta property=\"og:image:width\" content=\"1910\" \/>\n\t<meta property=\"og:image:height\" content=\"1060\" \/>\n\t<meta property=\"og:image:type\" content=\"image\/jpeg\" \/>\n<meta name=\"twitter:card\" content=\"summary_large_image\" \/>\n<meta name=\"twitter:label1\" content=\"Tiempo de lectura\" \/>\n\t<meta name=\"twitter:data1\" content=\"4 minutos\" \/>\n<script type=\"application\/ld+json\" class=\"yoast-schema-graph\">{\"@context\":\"https:\\\/\\\/schema.org\",\"@graph\":[{\"@type\":\"WebPage\",\"@id\":\"https:\\\/\\\/www.v5pay.com\\\/pay-out\\\/\",\"url\":\"https:\\\/\\\/www.v5pay.com\\\/pay-out\\\/\",\"name\":\"V5Pay payout - pay global easily\",\"isPartOf\":{\"@id\":\"https:\\\/\\\/www.v5pay.com\\\/en\\\/#website\"},\"primaryImageOfPage\":{\"@id\":\"https:\\\/\\\/www.v5pay.com\\\/pay-out\\\/#primaryimage\"},\"image\":{\"@id\":\"https:\\\/\\\/www.v5pay.com\\\/pay-out\\\/#primaryimage\"},\"thumbnailUrl\":\"https:\\\/\\\/www.v5pay.com\\\/wp-content\\\/uploads\\\/2024\\\/02\\\/payout-banner-1.jpg\",\"datePublished\":\"2024-02-19T10:00:27+00:00\",\"dateModified\":\"2025-05-13T07:46:34+00:00\",\"description\":\"Pay globally easily with V5Pay payout service. Wages and commissions, payments of goods, e-commerce refund, issue real-time rewards and more.\",\"breadcrumb\":{\"@id\":\"https:\\\/\\\/www.v5pay.com\\\/pay-out\\\/#breadcrumb\"},\"inLanguage\":\"es\",\"potentialAction\":[{\"@type\":\"ReadAction\",\"target\":[\"https:\\\/\\\/www.v5pay.com\\\/pay-out\\\/\"]}]},{\"@type\":\"ImageObject\",\"inLanguage\":\"es\",\"@id\":\"https:\\\/\\\/www.v5pay.com\\\/pay-out\\\/#primaryimage\",\"url\":\"https:\\\/\\\/www.v5pay.com\\\/wp-content\\\/uploads\\\/2024\\\/02\\\/payout-banner-1.jpg\",\"contentUrl\":\"https:\\\/\\\/www.v5pay.com\\\/wp-content\\\/uploads\\\/2024\\\/02\\\/payout-banner-1.jpg\",\"width\":1910,\"height\":1060},{\"@type\":\"BreadcrumbList\",\"@id\":\"https:\\\/\\\/www.v5pay.com\\\/pay-out\\\/#breadcrumb\",\"itemListElement\":[{\"@type\":\"ListItem\",\"position\":1,\"name\":\"\u9996\u9875\",\"item\":\"https:\\\/\\\/www.v5pay.com\\\/\"},{\"@type\":\"ListItem\",\"position\":2,\"name\":\"Pay out\"}]},{\"@type\":\"WebSite\",\"@id\":\"https:\\\/\\\/www.v5pay.com\\\/en\\\/#website\",\"url\":\"https:\\\/\\\/www.v5pay.com\\\/en\\\/\",\"name\":\"V5Pay Global Payment Solutions - We Fly Together\",\"description\":\"V5PAY offers expert product, technical, and commercial support, along with diverse payment solutions, led by an international team of professionals.\",\"publisher\":{\"@id\":\"https:\\\/\\\/www.v5pay.com\\\/en\\\/#organization\"},\"alternateName\":\"V5Pay Global Payment Solutions\",\"potentialAction\":[{\"@type\":\"SearchAction\",\"target\":{\"@type\":\"EntryPoint\",\"urlTemplate\":\"https:\\\/\\\/www.v5pay.com\\\/en\\\/?s={search_term_string}\"},\"query-input\":{\"@type\":\"PropertyValueSpecification\",\"valueRequired\":true,\"valueName\":\"search_term_string\"}}],\"inLanguage\":\"es\"},{\"@type\":\"Organization\",\"@id\":\"https:\\\/\\\/www.v5pay.com\\\/en\\\/#organization\",\"name\":\"V5Pay Global Payment Solutions\",\"alternateName\":\"V5Pay Global Payment Solutions\",\"url\":\"https:\\\/\\\/www.v5pay.com\\\/en\\\/\",\"logo\":{\"@type\":\"ImageObject\",\"inLanguage\":\"es\",\"@id\":\"https:\\\/\\\/www.v5pay.com\\\/en\\\/#\\\/schema\\\/logo\\\/image\\\/\",\"url\":\"https:\\\/\\\/www.v5pay.com\\\/wp-content\\\/uploads\\\/2024\\\/03\\\/v5pay-site-logo-updated.svg\",\"contentUrl\":\"https:\\\/\\\/www.v5pay.com\\\/wp-content\\\/uploads\\\/2024\\\/03\\\/v5pay-site-logo-updated.svg\",\"caption\":\"V5Pay Global Payment Solutions\"},\"image\":{\"@id\":\"https:\\\/\\\/www.v5pay.com\\\/en\\\/#\\\/schema\\\/logo\\\/image\\\/\"},\"sameAs\":[\"https:\\\/\\\/ph.linkedin.com\\\/company\\\/v5-philippines-corp\"]}]}<\/script>\n<!-- \/ Yoast SEO plugin. -->","yoast_head_json":{"title":"V5Pay payout - pay global easily","description":"Pay globally easily with V5Pay payout service. Wages and commissions, payments of goods, e-commerce refund, issue real-time rewards and more.","robots":{"index":"index","follow":"follow","max-snippet":"max-snippet:-1","max-image-preview":"max-image-preview:large","max-video-preview":"max-video-preview:-1"},"canonical":"https:\/\/www.v5pay.com\/es\/pay-out\/","og_locale":"es_ES","og_type":"article","og_title":"V5Pay payout - pay global easily","og_description":"Pay globally easily with V5Pay payout service. Wages and commissions, payments of goods, e-commerce refund, issue real-time rewards and more.","og_url":"https:\/\/www.v5pay.com\/es\/pay-out\/","og_site_name":"V5Pay","article_modified_time":"2025-05-13T07:46:34+00:00","og_image":[{"width":1910,"height":1060,"url":"https:\/\/www.v5pay.com\/wp-content\/uploads\/2024\/02\/payout-banner-1.jpg","type":"image\/jpeg"}],"twitter_card":"summary_large_image","twitter_misc":{"Tiempo de lectura":"4 minutos"},"schema":{"@context":"https:\/\/schema.org","@graph":[{"@type":"WebPage","@id":"https:\/\/www.v5pay.com\/pay-out\/","url":"https:\/\/www.v5pay.com\/pay-out\/","name":"V5Pay payout - pay global easily","isPartOf":{"@id":"https:\/\/www.v5pay.com\/en\/#website"},"primaryImageOfPage":{"@id":"https:\/\/www.v5pay.com\/pay-out\/#primaryimage"},"image":{"@id":"https:\/\/www.v5pay.com\/pay-out\/#primaryimage"},"thumbnailUrl":"https:\/\/www.v5pay.com\/wp-content\/uploads\/2024\/02\/payout-banner-1.jpg","datePublished":"2024-02-19T10:00:27+00:00","dateModified":"2025-05-13T07:46:34+00:00","description":"Pay globally easily with V5Pay payout service. Wages and commissions, payments of goods, e-commerce refund, issue real-time rewards and more.","breadcrumb":{"@id":"https:\/\/www.v5pay.com\/pay-out\/#breadcrumb"},"inLanguage":"es","potentialAction":[{"@type":"ReadAction","target":["https:\/\/www.v5pay.com\/pay-out\/"]}]},{"@type":"ImageObject","inLanguage":"es","@id":"https:\/\/www.v5pay.com\/pay-out\/#primaryimage","url":"https:\/\/www.v5pay.com\/wp-content\/uploads\/2024\/02\/payout-banner-1.jpg","contentUrl":"https:\/\/www.v5pay.com\/wp-content\/uploads\/2024\/02\/payout-banner-1.jpg","width":1910,"height":1060},{"@type":"BreadcrumbList","@id":"https:\/\/www.v5pay.com\/pay-out\/#breadcrumb","itemListElement":[{"@type":"ListItem","position":1,"name":"\u9996\u9875","item":"https:\/\/www.v5pay.com\/"},{"@type":"ListItem","position":2,"name":"Pay out"}]},{"@type":"WebSite","@id":"https:\/\/www.v5pay.com\/en\/#website","url":"https:\/\/www.v5pay.com\/en\/","name":"V5Pay Global Payment Solutions - We Fly Together","description":"V5PAY offers expert product, technical, and commercial support, along with diverse payment solutions, led by an international team of professionals.","publisher":{"@id":"https:\/\/www.v5pay.com\/en\/#organization"},"alternateName":"V5Pay Global Payment Solutions","potentialAction":[{"@type":"SearchAction","target":{"@type":"EntryPoint","urlTemplate":"https:\/\/www.v5pay.com\/en\/?s={search_term_string}"},"query-input":{"@type":"PropertyValueSpecification","valueRequired":true,"valueName":"search_term_string"}}],"inLanguage":"es"},{"@type":"Organization","@id":"https:\/\/www.v5pay.com\/en\/#organization","name":"V5Pay Global Payment Solutions","alternateName":"V5Pay Global Payment Solutions","url":"https:\/\/www.v5pay.com\/en\/","logo":{"@type":"ImageObject","inLanguage":"es","@id":"https:\/\/www.v5pay.com\/en\/#\/schema\/logo\/image\/","url":"https:\/\/www.v5pay.com\/wp-content\/uploads\/2024\/03\/v5pay-site-logo-updated.svg","contentUrl":"https:\/\/www.v5pay.com\/wp-content\/uploads\/2024\/03\/v5pay-site-logo-updated.svg","caption":"V5Pay Global Payment Solutions"},"image":{"@id":"https:\/\/www.v5pay.com\/en\/#\/schema\/logo\/image\/"},"sameAs":["https:\/\/ph.linkedin.com\/company\/v5-philippines-corp"]}]}},"tpgb_featured_images":{"full":["https:\/\/www.v5pay.com\/wp-content\/uploads\/2024\/02\/payout-banner-1.jpg",1910,1060,false],"tp-image-grid":["https:\/\/www.v5pay.com\/wp-content\/uploads\/2024\/02\/payout-banner-1.jpg",700,388,false],"thumbnail":["https:\/\/www.v5pay.com\/wp-content\/uploads\/2024\/02\/payout-banner-1.jpg",150,83,false],"medium":["https:\/\/www.v5pay.com\/wp-content\/uploads\/2024\/02\/payout-banner-1.jpg",1000,555,false],"medium_large":["https:\/\/www.v5pay.com\/wp-content\/uploads\/2024\/02\/payout-banner-1.jpg",768,426,false],"large":["https:\/\/www.v5pay.com\/wp-content\/uploads\/2024\/02\/payout-banner-1.jpg",1024,568,false],"default":"https:\/\/www.v5pay.com\/wp-content\/plugins\/the-plus-addons-for-block-editor\/assets\/images\/tpgb-placeholder.jpg"},"tpgb_post_meta_info":{"get_date":"2024-02-19","author_name":"Corredor, Henry","author_url":"https:\/\/www.v5pay.com\/es\/author\/henrycorredor\/","author_email":"henry.corredor@v5pay.com","author_website":"","author_description":"","author_facebook":"","author_twitter":"","author_instagram":"","author_role":["administrator"],"author_firstname":"Henry","author_lastname":"Corredor","user_login":"HenryCorredor","author_avatar":"<img alt='' src='https:\/\/secure.gravatar.com\/avatar\/552ddb314b5ce9b9e3779e3b9a33ce4e2d7739a3bc99ca66635eef45559b73b1?s=200&#038;d=mm&#038;r=g' srcset='https:\/\/secure.gravatar.com\/avatar\/552ddb314b5ce9b9e3779e3b9a33ce4e2d7739a3bc99ca66635eef45559b73b1?s=400&#038;d=mm&#038;r=g 2x' class='avatar avatar-200 photo' height='200' width='200' loading='lazy' decoding='async'\/>","author_avatar_url":"https:\/\/secure.gravatar.com\/avatar\/552ddb314b5ce9b9e3779e3b9a33ce4e2d7739a3bc99ca66635eef45559b73b1?s=96&d=mm&r=g","comment_count":0,"post_likes":0,"post_views":0},"tpgb_post_category":[],"_links":{"self":[{"href":"https:\/\/www.v5pay.com\/es\/wp-json\/wp\/v2\/pages\/1688","targetHints":{"allow":["GET"]}}],"collection":[{"href":"https:\/\/www.v5pay.com\/es\/wp-json\/wp\/v2\/pages"}],"about":[{"href":"https:\/\/www.v5pay.com\/es\/wp-json\/wp\/v2\/types\/page"}],"author":[{"embeddable":true,"href":"https:\/\/www.v5pay.com\/es\/wp-json\/wp\/v2\/users\/4"}],"replies":[{"embeddable":true,"href":"https:\/\/www.v5pay.com\/es\/wp-json\/wp\/v2\/comments?post=1688"}],"version-history":[{"count":65,"href":"https:\/\/www.v5pay.com\/es\/wp-json\/wp\/v2\/pages\/1688\/revisions"}],"predecessor-version":[{"id":2953,"href":"https:\/\/www.v5pay.com\/es\/wp-json\/wp\/v2\/pages\/1688\/revisions\/2953"}],"wp:featuredmedia":[{"embeddable":true,"href":"https:\/\/www.v5pay.com\/es\/wp-json\/wp\/v2\/media\/1731"}],"wp:attachment":[{"href":"https:\/\/www.v5pay.com\/es\/wp-json\/wp\/v2\/media?parent=1688"}],"curies":[{"name":"wp","href":"https:\/\/api.w.org\/{rel}","templated":true}]}}